{"id":12,"date":"2025-10-13T12:22:11","date_gmt":"2025-10-13T15:22:11","guid":{"rendered":"https:\/\/www.fitafloripa.com.br\/2025\/?page_id=12"},"modified":"2025-10-24T08:59:21","modified_gmt":"2025-10-24T11:59:21","slug":"sobre","status":"publish","type":"page","link":"https:\/\/www.fitafloripa.com.br\/2025\/sobre\/","title":{"rendered":"Sobre"},"content":{"rendered":"\t\t<div data-elementor-type=\"wp-page\" data-elementor-id=\"12\" class=\"elementor elementor-12\" data-elementor-post-type=\"page\">\n\t\t\t\t<div class=\"elementor-element elementor-element-04eec57 animated-slow e-flex e-con-boxed elementor-invisible e-con e-parent\" data-id=\"04eec57\" data-element_type=\"container\" data-e-type=\"container\" data-settings=\"{&quot;background_background&quot;:&quot;classic&quot;,&quot;animation&quot;:&quot;fadeIn&quot;}\">\n\t\t\t\t\t<div class=\"e-con-inner\">\n\t\t<div class=\"elementor-element elementor-element-ae4cd72 e-con-full e-flex e-con e-child\" data-id=\"ae4cd72\" data-element_type=\"container\" data-e-type=\"container\">\n\t\t\t\t<div class=\"elementor-element elementor-element-086f5d4 elementor-widget elementor-widget-image\" data-id=\"086f5d4\" data-element_type=\"widget\" data-e-type=\"widget\" data-widget_type=\"image.default\">\n\t\t\t\t\t\t\t\t\t\t\t\t\t\t\t<img fetchpriority=\"high\" decoding=\"async\" width=\"648\" height=\"582\" src=\"https:\/\/www.fitafloripa.com.br\/2025\/wp-content\/uploads\/2025\/10\/Group-2.jpg\" class=\"attachment-large size-large wp-image-217\" alt=\"\" srcset=\"https:\/\/www.fitafloripa.com.br\/2025\/wp-content\/uploads\/2025\/10\/Group-2.jpg 648w, https:\/\/www.fitafloripa.com.br\/2025\/wp-content\/uploads\/2025\/10\/Group-2-300x269.jpg 300w\" sizes=\"(max-width: 648px) 100vw, 648px\" \/>\t\t\t\t\t\t\t\t\t\t\t\t\t\t\t<\/div>\n\t\t\t\t<\/div>\n\t\t<div class=\"elementor-element elementor-element-34e7fb2 e-con-full e-flex e-con e-child\" data-id=\"34e7fb2\" data-element_type=\"container\" data-e-type=\"container\">\n\t\t<div class=\"elementor-element elementor-element-94f1869 e-con-full e-flex e-con e-child\" data-id=\"94f1869\" data-element_type=\"container\" data-e-type=\"container\">\n\t\t\t\t<div class=\"elementor-element elementor-element-53761b9 elementor-widget elementor-widget-heading\" data-id=\"53761b9\" data-element_type=\"widget\" data-e-type=\"widget\" data-widget_type=\"heading.default\">\n\t\t\t\t\t<h1 class=\"elementor-heading-title elementor-size-default\">CONHE\u00c7A O FITA 2025<\/h1>\t\t\t\t<\/div>\n\t\t\t\t<div class=\"elementor-element elementor-element-f6dd384 elementor-widget elementor-widget-heading\" data-id=\"f6dd384\" data-element_type=\"widget\" data-e-type=\"widget\" data-widget_type=\"heading.default\">\n\t\t\t\t\t<h2 class=\"elementor-heading-title elementor-size-default\">Onde o imposs\u00edvel ganha movimento<\/h2>\t\t\t\t<\/div>\n\t\t\t\t<\/div>\n\t\t<div class=\"elementor-element elementor-element-18aac37 e-con-full e-flex e-con e-child\" data-id=\"18aac37\" data-element_type=\"container\" data-e-type=\"container\">\n\t\t\t\t<div class=\"elementor-element elementor-element-038c87f elementor-widget elementor-widget-text-editor\" data-id=\"038c87f\" data-element_type=\"widget\" data-e-type=\"widget\" data-widget_type=\"text-editor.default\">\n\t\t\t\t\t\t\t\t\t<p>O FITA \u2013 Festival Internacional de Teatro de Anima\u00e7\u00e3o completa 15 anos celebrando a magia de bonecos, m\u00e1scaras, sombras e objetos que ganham vida no palco. Ao longo dessa trajet\u00f3ria, j\u00e1 alcan\u00e7amos mais de 278 mil espectadores em 23 cidades catarinenses, com grupos do Brasil e de diversos pa\u00edses.<\/p><p>Em 2025, seguimos firmes em nosso prop\u00f3sito de democratizar o acesso \u00e0 arte, ampliar horizontes e criar encontros que encantam todas as idades. Prepare-se para viver novamente a magia do Teatro de Anima\u00e7\u00e3o: gratuito, acess\u00edvel e aberto \u00e0 comunidade.<\/p>\t\t\t\t\t\t\t\t<\/div>\n\t\t\t\t<\/div>\n\t\t\t\t<\/div>\n\t\t\t\t\t<\/div>\n\t\t\t\t<\/div>\n\t\t<div class=\"elementor-element elementor-element-2a8d11a animated-slow e-flex e-con-boxed elementor-invisible e-con e-parent\" data-id=\"2a8d11a\" data-element_type=\"container\" data-e-type=\"container\" data-settings=\"{&quot;background_background&quot;:&quot;classic&quot;,&quot;animation&quot;:&quot;fadeIn&quot;,&quot;animation_delay&quot;:200}\">\n\t\t\t\t\t<div class=\"e-con-inner\">\n\t\t<div class=\"elementor-element elementor-element-cea8315 e-con-full e-flex e-con e-child\" data-id=\"cea8315\" data-element_type=\"container\" data-e-type=\"container\">\n\t\t\t\t<div class=\"elementor-element elementor-element-7af0d23 elementor-widget elementor-widget-text-editor\" data-id=\"7af0d23\" data-element_type=\"widget\" data-e-type=\"widget\" data-widget_type=\"text-editor.default\">\n\t\t\t\t\t\t\t\t\t<p>FICHA T\u00c9CNICA<\/p>\t\t\t\t\t\t\t\t<\/div>\n\t\t\t\t<div class=\"elementor-element elementor-element-e097bb9 elementor-widget elementor-widget-heading\" data-id=\"e097bb9\" data-element_type=\"widget\" data-e-type=\"widget\" data-widget_type=\"heading.default\">\n\t\t\t\t\t<h2 class=\"elementor-heading-title elementor-size-default\">Quem faz o evento acontecer<\/h2>\t\t\t\t<\/div>\n\t\t\t\t<\/div>\n\t\t<div class=\"elementor-element elementor-element-f72a9bf e-con-full e-flex e-con e-child\" data-id=\"f72a9bf\" data-element_type=\"container\" data-e-type=\"container\">\n\t\t\t\t<div class=\"elementor-element elementor-element-0fa4113 elementor-widget elementor-widget-text-editor\" data-id=\"0fa4113\" data-element_type=\"widget\" data-e-type=\"widget\" data-widget_type=\"text-editor.default\">\n\t\t\t\t\t\t\t\t\t<p>Idealizadora: <b>Sass\u00e1 Moretti<\/b><br \/>Curadoria: <b>Sass\u00e1 Moretti, Z\u00e9lia Sabino, Gustavo Bieberbach, Ricardo Goulart e Igor Gomes Farias<\/b><br \/>Coordena\u00e7\u00e3o: <b>Sass\u00e1 Moretti, Z\u00e9lia Sabino e Gustavo Bieberbach<\/b><br \/>Coordena\u00e7\u00e3o de Produ\u00e7\u00e3o Gr\u00e1fica e identidade visual: <b>Ricardo Goulart<\/b><br \/>Coordena\u00e7\u00e3o de Produ\u00e7\u00e3o: <b>Andrea Padilha e Igor Gomes Farias<\/b><br \/>Coordena\u00e7\u00e3o t\u00e9cnica:<b> Ivo Godois e Instituto Luz em Cena<\/b><br \/>N\u00facleo de produ\u00e7\u00e3o:<b> Blenda Trindade, Juliana Cascaes, Lidiane Mesquita, Luiza Pimenta, Magda Scors, M\u00e1rcia Cavalheiro, Nathalie Soler, Nataly Delacour, Rhaisa Muniz e Vivian Coronato<\/b><br \/>Monitores: <b>Arioldo Palhano da Silva e Nara Temosko<\/b><br \/>Produ\u00e7\u00e3o local (Imbituba): <b>Cia. Desmontagem C\u00eanica<\/b><br \/>T\u00e9cnicos: <b>Andr\u00e9ss Tissier, Alexandra Melo, Iscarlat Lemes e Marcos Klann<\/b><br \/>Coordena\u00e7\u00e3o de Comunica\u00e7\u00e3o: <b>Let\u00edcia Kapper \u2013 Alecrim Conte\u00fado<\/b><br \/>Assessoria de imprensa: <b>Let\u00edcia Bombo<\/b><br \/>Redes sociais: <strong>La\u00eds Kuchler e Let\u00edcia Bombo<\/strong><br \/>Designer gr\u00e1fico (redes sociais): <b>Guilherme Lohn<\/b><br \/>Gest\u00e3o de tr\u00e1fego: <b>Mar\u00edlia Delicato Maehashi \u2013 MDM Potencialize<\/b><br \/>Cobertura videogr\u00e1fica : <b>Arzua Filmes<\/b><br \/>Cobertura fotogr\u00e1fica: <b>Arzua Filmes e Gabriel Passos Nascimento<\/b><br \/>Webdesigner:<b> Ra\u00edssa Esther da Silva Pereira<\/b><br \/>Interpreta\u00e7\u00e3o em libras: <b>Joanna Tiepo, Vit\u00f3ria Tassara e Camilla Stephanie Gallo da Silva (Parceria UDESC)<\/b><br \/>Audiodescri\u00e7\u00e3o e Locu\u00e7\u00e3o: <b>Ana Paula Possapp<\/b><br \/>Cria\u00e7\u00e3o da mascote FITA: <b>Roberto Gorgati<\/b><br \/>Cria\u00e7\u00e3o do S\u00edmbolo Acessibilidade em Libras: <b>Marcelo Lustosa \/ CEDECOM \u2013 UFMG<\/b><br \/>Realiza\u00e7\u00e3o: <b>Fazendo Fita Cia. Art\u00edstica<\/b><\/p>\t\t\t\t\t\t\t\t<\/div>\n\t\t\t\t<\/div>\n\t\t\t\t\t<\/div>\n\t\t\t\t<\/div>\n\t\t\t\t<\/div>\n\t\t","protected":false},"excerpt":{"rendered":"<p>CONHE\u00c7A O FITA 2025 Onde o imposs\u00edvel ganha movimento O FITA \u2013 Festival Internacional de Teatro de Anima\u00e7\u00e3o completa 15 anos celebrando a magia de bonecos, m\u00e1scaras, sombras e objetos que ganham vida no palco. Ao longo dessa trajet\u00f3ria, j\u00e1 alcan\u00e7amos mais de 278 mil espectadores em 23 cidades catarinenses, com grupos do Brasil e [&hellip;]<\/p>\n","protected":false},"author":1,"featured_media":0,"parent":0,"menu_order":0,"comment_status":"closed","ping_status":"closed","template":"elementor_header_footer","meta":{"_acf_changed":false,"footnotes":""},"class_list":["post-12","page","type-page","status-publish","hentry"],"acf":[],"yoast_head":"<!-- This site is optimized with the Yoast SEO plugin v27.2 - https:\/\/yoast.com\/product\/yoast-seo-wordpress\/ -->\n<title>Sobre - 15\u00ba FITA 2025 \u2022 Festival Internacional de Teatro de Anima\u00e7\u00e3o<\/title>\n<meta name=\"description\" content=\"FITA 2025, festival internacional de teatro de anima\u00e7\u00e3o que celebra 15 anos de arte, acessibilidade e encantamento em Santa Catarina.\" \/>\n<meta name=\"robots\" content=\"index, follow, max-snippet:-1, max-image-preview:large, max-video-preview:-1\" \/>\n<link rel=\"canonical\" href=\"https:\/\/www.fitafloripa.com.br\/2025\/sobre\/\" \/>\n<meta property=\"og:locale\" content=\"pt_BR\" \/>\n<meta property=\"og:type\" content=\"article\" \/>\n<meta property=\"og:title\" content=\"Sobre - 15\u00ba FITA 2025 \u2022 Festival Internacional de Teatro de Anima\u00e7\u00e3o\" \/>\n<meta property=\"og:description\" content=\"FITA 2025, festival internacional de teatro de anima\u00e7\u00e3o que celebra 15 anos de arte, acessibilidade e encantamento em Santa Catarina.\" \/>\n<meta property=\"og:url\" content=\"https:\/\/www.fitafloripa.com.br\/2025\/sobre\/\" \/>\n<meta property=\"og:site_name\" content=\"15\u00ba FITA 2025 \u2022 Festival Internacional de Teatro de Anima\u00e7\u00e3o\" \/>\n<meta property=\"article:modified_time\" content=\"2025-10-24T11:59:21+00:00\" \/>\n<meta property=\"og:image\" content=\"https:\/\/www.fitafloripa.com.br\/2025\/wp-content\/uploads\/2025\/10\/Group-2.jpg\" \/>\n\t<meta property=\"og:image:width\" content=\"648\" \/>\n\t<meta property=\"og:image:height\" content=\"582\" \/>\n\t<meta property=\"og:image:type\" content=\"image\/jpeg\" \/>\n<meta name=\"twitter:card\" content=\"summary_large_image\" \/>\n<meta name=\"twitter:label1\" content=\"Est. tempo de leitura\" \/>\n\t<meta name=\"twitter:data1\" content=\"2 minutos\" \/>\n<script type=\"application\/ld+json\" class=\"yoast-schema-graph\">{\"@context\":\"https:\/\/schema.org\",\"@graph\":[{\"@type\":\"WebPage\",\"@id\":\"https:\/\/www.fitafloripa.com.br\/2025\/sobre\/\",\"url\":\"https:\/\/www.fitafloripa.com.br\/2025\/sobre\/\",\"name\":\"Sobre - 15\u00ba FITA 2025 \u2022 Festival Internacional de Teatro de Anima\u00e7\u00e3o\",\"isPartOf\":{\"@id\":\"https:\/\/www.fitafloripa.com.br\/2025\/#website\"},\"primaryImageOfPage\":{\"@id\":\"https:\/\/www.fitafloripa.com.br\/2025\/sobre\/#primaryimage\"},\"image\":{\"@id\":\"https:\/\/www.fitafloripa.com.br\/2025\/sobre\/#primaryimage\"},\"thumbnailUrl\":\"https:\/\/www.fitafloripa.com.br\/2025\/wp-content\/uploads\/2025\/10\/Group-2.jpg\",\"datePublished\":\"2025-10-13T15:22:11+00:00\",\"dateModified\":\"2025-10-24T11:59:21+00:00\",\"description\":\"FITA 2025, festival internacional de teatro de anima\u00e7\u00e3o que celebra 15 anos de arte, acessibilidade e encantamento em Santa Catarina.\",\"breadcrumb\":{\"@id\":\"https:\/\/www.fitafloripa.com.br\/2025\/sobre\/#breadcrumb\"},\"inLanguage\":\"pt-BR\",\"potentialAction\":[{\"@type\":\"ReadAction\",\"target\":[\"https:\/\/www.fitafloripa.com.br\/2025\/sobre\/\"]}]},{\"@type\":\"ImageObject\",\"inLanguage\":\"pt-BR\",\"@id\":\"https:\/\/www.fitafloripa.com.br\/2025\/sobre\/#primaryimage\",\"url\":\"https:\/\/www.fitafloripa.com.br\/2025\/wp-content\/uploads\/2025\/10\/Group-2.jpg\",\"contentUrl\":\"https:\/\/www.fitafloripa.com.br\/2025\/wp-content\/uploads\/2025\/10\/Group-2.jpg\",\"width\":648,\"height\":582},{\"@type\":\"BreadcrumbList\",\"@id\":\"https:\/\/www.fitafloripa.com.br\/2025\/sobre\/#breadcrumb\",\"itemListElement\":[{\"@type\":\"ListItem\",\"position\":1,\"name\":\"In\u00edcio\",\"item\":\"https:\/\/www.fitafloripa.com.br\/2025\/\"},{\"@type\":\"ListItem\",\"position\":2,\"name\":\"Sobre\"}]},{\"@type\":\"WebSite\",\"@id\":\"https:\/\/www.fitafloripa.com.br\/2025\/#website\",\"url\":\"https:\/\/www.fitafloripa.com.br\/2025\/\",\"name\":\"15\u00ba FITA 2025 \u2022 Festival Internacional de Teatro de Anima\u00e7\u00e3o\",\"description\":\"\",\"publisher\":{\"@id\":\"https:\/\/www.fitafloripa.com.br\/2025\/#organization\"},\"potentialAction\":[{\"@type\":\"SearchAction\",\"target\":{\"@type\":\"EntryPoint\",\"urlTemplate\":\"https:\/\/www.fitafloripa.com.br\/2025\/?s={search_term_string}\"},\"query-input\":{\"@type\":\"PropertyValueSpecification\",\"valueRequired\":true,\"valueName\":\"search_term_string\"}}],\"inLanguage\":\"pt-BR\"},{\"@type\":\"Organization\",\"@id\":\"https:\/\/www.fitafloripa.com.br\/2025\/#organization\",\"name\":\"15\u00ba FITA 2025 \u2022 Festival Internacional de Teatro de Anima\u00e7\u00e3o\",\"url\":\"https:\/\/www.fitafloripa.com.br\/2025\/\",\"logo\":{\"@type\":\"ImageObject\",\"inLanguage\":\"pt-BR\",\"@id\":\"https:\/\/www.fitafloripa.com.br\/2025\/#\/schema\/logo\/image\/\",\"url\":\"https:\/\/www.fitafloripa.com.br\/2025\/wp-content\/uploads\/2025\/10\/Logo_15_FITA.png\",\"contentUrl\":\"https:\/\/www.fitafloripa.com.br\/2025\/wp-content\/uploads\/2025\/10\/Logo_15_FITA.png\",\"width\":316,\"height\":260,\"caption\":\"15\u00ba FITA 2025 \u2022 Festival Internacional de Teatro de Anima\u00e7\u00e3o\"},\"image\":{\"@id\":\"https:\/\/www.fitafloripa.com.br\/2025\/#\/schema\/logo\/image\/\"}}]}<\/script>\n<!-- \/ Yoast SEO plugin. -->","yoast_head_json":{"title":"Sobre - 15\u00ba FITA 2025 \u2022 Festival Internacional de Teatro de Anima\u00e7\u00e3o","description":"FITA 2025, festival internacional de teatro de anima\u00e7\u00e3o que celebra 15 anos de arte, acessibilidade e encantamento em Santa Catarina.","robots":{"index":"index","follow":"follow","max-snippet":"max-snippet:-1","max-image-preview":"max-image-preview:large","max-video-preview":"max-video-preview:-1"},"canonical":"https:\/\/www.fitafloripa.com.br\/2025\/sobre\/","og_locale":"pt_BR","og_type":"article","og_title":"Sobre - 15\u00ba FITA 2025 \u2022 Festival Internacional de Teatro de Anima\u00e7\u00e3o","og_description":"FITA 2025, festival internacional de teatro de anima\u00e7\u00e3o que celebra 15 anos de arte, acessibilidade e encantamento em Santa Catarina.","og_url":"https:\/\/www.fitafloripa.com.br\/2025\/sobre\/","og_site_name":"15\u00ba FITA 2025 \u2022 Festival Internacional de Teatro de Anima\u00e7\u00e3o","article_modified_time":"2025-10-24T11:59:21+00:00","og_image":[{"width":648,"height":582,"url":"https:\/\/www.fitafloripa.com.br\/2025\/wp-content\/uploads\/2025\/10\/Group-2.jpg","type":"image\/jpeg"}],"twitter_card":"summary_large_image","twitter_misc":{"Est. tempo de leitura":"2 minutos"},"schema":{"@context":"https:\/\/schema.org","@graph":[{"@type":"WebPage","@id":"https:\/\/www.fitafloripa.com.br\/2025\/sobre\/","url":"https:\/\/www.fitafloripa.com.br\/2025\/sobre\/","name":"Sobre - 15\u00ba FITA 2025 \u2022 Festival Internacional de Teatro de Anima\u00e7\u00e3o","isPartOf":{"@id":"https:\/\/www.fitafloripa.com.br\/2025\/#website"},"primaryImageOfPage":{"@id":"https:\/\/www.fitafloripa.com.br\/2025\/sobre\/#primaryimage"},"image":{"@id":"https:\/\/www.fitafloripa.com.br\/2025\/sobre\/#primaryimage"},"thumbnailUrl":"https:\/\/www.fitafloripa.com.br\/2025\/wp-content\/uploads\/2025\/10\/Group-2.jpg","datePublished":"2025-10-13T15:22:11+00:00","dateModified":"2025-10-24T11:59:21+00:00","description":"FITA 2025, festival internacional de teatro de anima\u00e7\u00e3o que celebra 15 anos de arte, acessibilidade e encantamento em Santa Catarina.","breadcrumb":{"@id":"https:\/\/www.fitafloripa.com.br\/2025\/sobre\/#breadcrumb"},"inLanguage":"pt-BR","potentialAction":[{"@type":"ReadAction","target":["https:\/\/www.fitafloripa.com.br\/2025\/sobre\/"]}]},{"@type":"ImageObject","inLanguage":"pt-BR","@id":"https:\/\/www.fitafloripa.com.br\/2025\/sobre\/#primaryimage","url":"https:\/\/www.fitafloripa.com.br\/2025\/wp-content\/uploads\/2025\/10\/Group-2.jpg","contentUrl":"https:\/\/www.fitafloripa.com.br\/2025\/wp-content\/uploads\/2025\/10\/Group-2.jpg","width":648,"height":582},{"@type":"BreadcrumbList","@id":"https:\/\/www.fitafloripa.com.br\/2025\/sobre\/#breadcrumb","itemListElement":[{"@type":"ListItem","position":1,"name":"In\u00edcio","item":"https:\/\/www.fitafloripa.com.br\/2025\/"},{"@type":"ListItem","position":2,"name":"Sobre"}]},{"@type":"WebSite","@id":"https:\/\/www.fitafloripa.com.br\/2025\/#website","url":"https:\/\/www.fitafloripa.com.br\/2025\/","name":"15\u00ba FITA 2025 \u2022 Festival Internacional de Teatro de Anima\u00e7\u00e3o","description":"","publisher":{"@id":"https:\/\/www.fitafloripa.com.br\/2025\/#organization"},"potentialAction":[{"@type":"SearchAction","target":{"@type":"EntryPoint","urlTemplate":"https:\/\/www.fitafloripa.com.br\/2025\/?s={search_term_string}"},"query-input":{"@type":"PropertyValueSpecification","valueRequired":true,"valueName":"search_term_string"}}],"inLanguage":"pt-BR"},{"@type":"Organization","@id":"https:\/\/www.fitafloripa.com.br\/2025\/#organization","name":"15\u00ba FITA 2025 \u2022 Festival Internacional de Teatro de Anima\u00e7\u00e3o","url":"https:\/\/www.fitafloripa.com.br\/2025\/","logo":{"@type":"ImageObject","inLanguage":"pt-BR","@id":"https:\/\/www.fitafloripa.com.br\/2025\/#\/schema\/logo\/image\/","url":"https:\/\/www.fitafloripa.com.br\/2025\/wp-content\/uploads\/2025\/10\/Logo_15_FITA.png","contentUrl":"https:\/\/www.fitafloripa.com.br\/2025\/wp-content\/uploads\/2025\/10\/Logo_15_FITA.png","width":316,"height":260,"caption":"15\u00ba FITA 2025 \u2022 Festival Internacional de Teatro de Anima\u00e7\u00e3o"},"image":{"@id":"https:\/\/www.fitafloripa.com.br\/2025\/#\/schema\/logo\/image\/"}}]}},"_links":{"self":[{"href":"https:\/\/www.fitafloripa.com.br\/2025\/wp-json\/wp\/v2\/pages\/12","targetHints":{"allow":["GET"]}}],"collection":[{"href":"https:\/\/www.fitafloripa.com.br\/2025\/wp-json\/wp\/v2\/pages"}],"about":[{"href":"https:\/\/www.fitafloripa.com.br\/2025\/wp-json\/wp\/v2\/types\/page"}],"author":[{"embeddable":true,"href":"https:\/\/www.fitafloripa.com.br\/2025\/wp-json\/wp\/v2\/users\/1"}],"replies":[{"embeddable":true,"href":"https:\/\/www.fitafloripa.com.br\/2025\/wp-json\/wp\/v2\/comments?post=12"}],"version-history":[{"count":58,"href":"https:\/\/www.fitafloripa.com.br\/2025\/wp-json\/wp\/v2\/pages\/12\/revisions"}],"predecessor-version":[{"id":1701,"href":"https:\/\/www.fitafloripa.com.br\/2025\/wp-json\/wp\/v2\/pages\/12\/revisions\/1701"}],"wp:attachment":[{"href":"https:\/\/www.fitafloripa.com.br\/2025\/wp-json\/wp\/v2\/media?parent=12"}],"curies":[{"name":"wp","href":"https:\/\/api.w.org\/{rel}","templated":true}]}}